{"id":40,"date":"2026-03-06T23:57:22","date_gmt":"2026-03-06T20:57:22","guid":{"rendered":"https:\/\/fithealthreset.com\/?page_id=40"},"modified":"2026-03-11T01:48:55","modified_gmt":"2026-03-10T22:48:55","slug":"haqqimizda","status":"publish","type":"page","link":"https:\/\/fithealthreset.com\/?page_id=40","title":{"rendered":"Haqq\u0131m\u0131zda"},"content":{"rendered":"\n<div class=\"wp-block-group alignfull is-content-justification-center is-layout-constrained wp-block-group-is-layout-constrained\" style=\"margin-top:0;margin-bottom:0\">\n<div style=\"height:var(--wp--preset--spacing--20)\" aria-hidden=\"true\" class=\"wp-block-spacer\"><\/div>\n\n\n\n<div class=\"wp-block-group alignwide is-layout-flow wp-block-group-is-layout-flow\">\n<div class=\"wp-block-columns alignwide are-vertically-aligned-top is-layout-flex wp-container-core-columns-is-layout-5c8fb865 wp-block-columns-is-layout-flex\">\n<div class=\"wp-block-column is-vertically-aligned-top is-content-justification-left is-layout-constrained wp-container-core-column-is-layout-95996b15 wp-block-column-is-layout-constrained\">\n<h2 class=\"wp-block-heading has-text-color has-link-color wp-elements-f56b56ca6968eacb3c631d8ce8e1969b\" style=\"color:#0a1a4a\">Fit Health Reset<\/h2>\n\n\n\n<p class=\"has-text-color has-link-color wp-elements-60b98b2ece78667e9932e6b774ae2284\" style=\"color:#4a5568\">Brendl\u0259rin r\u0259q\u0259msal d\u00fcnyada daha sa\u011flam, dayan\u0131ql\u0131 v\u0259 \u00f6l\u00e7\u00fcl\u0259 bil\u0259n n\u0259tic\u0259l\u0259r \u0259ld\u0259 etm\u0259si \u00fc\u00e7\u00fcn yarad\u0131lm\u0131\u015f m\u00fcasir r\u0259q\u0259msal marketinq agentliyidir. <\/p>\n<\/div>\n\n\n\n<div class=\"wp-block-column is-vertically-aligned-top is-layout-flow wp-block-column-is-layout-flow\" style=\"flex-basis:40%\">\n<p class=\"has-text-color has-link-color wp-elements-64a97c1c8f4fec03e9d73b04b6a402ca\" style=\"color:#4a5568\">Biznesiniz \u00fc\u00e7\u00fcn sa\u011flam v\u0259 davaml\u0131 r\u0259q\u0259msal inki\u015faf yaradan analitika, strategiya v\u0259 innovativ marketinq h\u0259ll\u0259ri t\u0259qdim edirik. Fit Health Reset, brendinizin r\u0259q\u0259msal al\u0259md\u0259 daha a\u011f\u0131ll\u0131, \u00f6l\u00e7\u00fcl\u0259 bil\u0259n v\u0259 uzunm\u00fcdd\u0259tli n\u0259tic\u0259l\u0259r \u0259ld\u0259 etm\u0259si \u00fc\u00e7\u00fcn etibarl\u0131 t\u0259r\u0259fda\u015fd\u0131r.<\/p>\n\n\n\n<p class=\"has-text-color has-link-color wp-elements-e9bec514eb395e3f01625951dfc7330e\" style=\"color:#0a1a4a\">R\u0259q\u0259msal yol x\u0259rit\u0259nizi indi qurma\u011fa ba\u015flay\u0131n.<\/p>\n\n\n\n<div class=\"wp-block-buttons is-layout-flex wp-block-buttons-is-layout-flex\">\n<div class=\"wp-block-button\"><a class=\"wp-block-button__link has-text-color has-background has-link-color wp-element-button\" style=\"color:#1a1a1a;background-color:#e0b43a\">Sa\u011flam \u0130nki\u015fafa Ba\u015fla<\/a><\/div>\n<\/div>\n<\/div>\n<\/div>\n\n\n\n<figure class=\"wp-block-image size-large is-resized\"><img loading=\"lazy\" decoding=\"async\" width=\"1024\" height=\"559\" src=\"https:\/\/fithealthreset.com\/wp-content\/uploads\/2026\/03\/1000335262-1024x559.png\" alt=\"\" class=\"wp-image-90\" style=\"aspect-ratio:1.7777777777777777;object-fit:cover;width:646px;height:auto\" srcset=\"https:\/\/fithealthreset.com\/wp-content\/uploads\/2026\/03\/1000335262-1024x559.png 1024w, https:\/\/fithealthreset.com\/wp-content\/uploads\/2026\/03\/1000335262-300x164.png 300w, https:\/\/fithealthreset.com\/wp-content\/uploads\/2026\/03\/1000335262-768x419.png 768w, https:\/\/fithealthreset.com\/wp-content\/uploads\/2026\/03\/1000335262.png 1408w\" sizes=\"auto, (max-width: 1024px) 100vw, 1024px\" \/><\/figure>\n<\/div>\n<\/div>\n\n\n\n<h2 class=\"wp-block-heading has-text-color has-link-color wp-elements-71ed6227077c2dea54dcc653fba84b26\" style=\"color:#0f172a\">Fit Health Reset-in \u018fsas Prinsipl\u0259ri v\u0259 D\u0259y\u0259rl\u0259ri<\/h2>\n\n\n\n<div class=\"wp-block-media-text is-stacked-on-mobile is-vertically-aligned-center has-pale-ocean-gradient-background has-background\" style=\"grid-template-columns:46% auto\"><figure class=\"wp-block-media-text__media\"><img loading=\"lazy\" decoding=\"async\" width=\"1024\" height=\"572\" src=\"https:\/\/fithealthreset.com\/wp-content\/uploads\/2026\/03\/Gemini_Generated_Image_jzs8lsjzs8lsjzs8-5-1024x572.png\" alt=\"\" class=\"wp-image-111 size-full\" srcset=\"https:\/\/fithealthreset.com\/wp-content\/uploads\/2026\/03\/Gemini_Generated_Image_jzs8lsjzs8lsjzs8-5-1024x572.png 1024w, https:\/\/fithealthreset.com\/wp-content\/uploads\/2026\/03\/Gemini_Generated_Image_jzs8lsjzs8lsjzs8-5-300x167.png 300w, https:\/\/fithealthreset.com\/wp-content\/uploads\/2026\/03\/Gemini_Generated_Image_jzs8lsjzs8lsjzs8-5-768x429.png 768w, https:\/\/fithealthreset.com\/wp-content\/uploads\/2026\/03\/Gemini_Generated_Image_jzs8lsjzs8lsjzs8-5.png 1376w\" sizes=\"auto, (max-width: 1024px) 100vw, 1024px\" \/><\/figure><div class=\"wp-block-media-text__content\">\n<p class=\"has-text-color has-link-color wp-elements-181f810a6cd785cc879fa39763d597a6\" style=\"color:#0ea5a4;font-size:25px\">Missiyam\u0131z<\/p>\n\n\n\n<p class=\"has-text-color has-link-color wp-elements-441060f5ca3d8f543b5509066b8fb9c3\" style=\"color:#475569\"><strong>Fit Health Reset<\/strong> olaraq missiyam\u0131z brendl\u0259rin r\u0259q\u0259msal m\u00fchitd\u0259 daha sa\u011flam, davaml\u0131 v\u0259 \u00f6l\u00e7\u00fcl\u0259 bil\u0259n inki\u015faf \u0259ld\u0259 etm\u0259sin\u0259 k\u00f6m\u0259k etm\u0259kdir. Biz m\u00fcasir r\u0259q\u0259msal marketinq strategiyalar\u0131, data \u0259sasl\u0131 q\u0259rarlar v\u0259 kreativ yana\u015fma il\u0259 biznesl\u0259rin h\u0259d\u0259f auditoriyas\u0131na daha effektiv \u00e7atmas\u0131n\u0131 t\u0259min edirik. M\u0259qs\u0259dimiz h\u0259r bir layih\u0259d\u0259 real n\u0259tic\u0259l\u0259r yaratmaq v\u0259 m\u00fc\u015ft\u0259ril\u0259rimizin r\u0259q\u0259msal inki\u015faf\u0131na uzunm\u00fcdd\u0259tli t\u00f6hf\u0259 verm\u0259kdir.<\/p>\n<\/div><\/div>\n\n\n\n<p><\/p>\n\n\n\n<div class=\"wp-block-media-text is-stacked-on-mobile is-vertically-aligned-center has-pale-ocean-gradient-background has-background\" style=\"grid-template-columns:46% auto\"><figure class=\"wp-block-media-text__media\"><img loading=\"lazy\" decoding=\"async\" width=\"1024\" height=\"572\" src=\"https:\/\/fithealthreset.com\/wp-content\/uploads\/2026\/03\/Gemini_Generated_Image_dqgjrcdqgjrcdqgj-4-1024x572.png\" alt=\"\" class=\"wp-image-128 size-full\" srcset=\"https:\/\/fithealthreset.com\/wp-content\/uploads\/2026\/03\/Gemini_Generated_Image_dqgjrcdqgjrcdqgj-4-1024x572.png 1024w, https:\/\/fithealthreset.com\/wp-content\/uploads\/2026\/03\/Gemini_Generated_Image_dqgjrcdqgjrcdqgj-4-300x167.png 300w, https:\/\/fithealthreset.com\/wp-content\/uploads\/2026\/03\/Gemini_Generated_Image_dqgjrcdqgjrcdqgj-4-768x429.png 768w, https:\/\/fithealthreset.com\/wp-content\/uploads\/2026\/03\/Gemini_Generated_Image_dqgjrcdqgjrcdqgj-4.png 1376w\" sizes=\"auto, (max-width: 1024px) 100vw, 1024px\" \/><\/figure><div class=\"wp-block-media-text__content\">\n<p class=\"has-text-color has-link-color wp-elements-bb789d3248d2e46a5d09691fd705c2c5\" style=\"color:#0ea5a4;font-size:25px\">Vizionumuz<\/p>\n\n\n\n<p class=\"has-text-color has-link-color wp-elements-b322754c95a8827a6d3a64469cb9e63e\" style=\"color:#475569\">Vizionumuz regionda v\u0259 beyn\u0259lxalq bazarda tan\u0131nan, innovativ h\u0259ll\u0259r t\u0259qdim ed\u0259n v\u0259 brendl\u0259rin r\u0259q\u0259msal transformasiyas\u0131nda etibarl\u0131 t\u0259r\u0259fda\u015f kimi se\u00e7il\u0259n apar\u0131c\u0131 r\u0259q\u0259msal marketinq agentlikl\u0259rind\u0259n birin\u0259 \u00e7evrilm\u0259kdir.<\/p>\n<\/div><\/div>\n\n\n\n<p><\/p>\n\n\n\n<div class=\"wp-block-media-text is-stacked-on-mobile is-vertically-aligned-center has-pale-ocean-gradient-background has-background\" style=\"grid-template-columns:46% auto\"><figure class=\"wp-block-media-text__media\"><img loading=\"lazy\" decoding=\"async\" width=\"1024\" height=\"572\" src=\"https:\/\/fithealthreset.com\/wp-content\/uploads\/2026\/03\/Gemini_Generated_Image_woh8z9woh8z9woh8-2-1024x572.png\" alt=\"\" class=\"wp-image-138 size-full\" srcset=\"https:\/\/fithealthreset.com\/wp-content\/uploads\/2026\/03\/Gemini_Generated_Image_woh8z9woh8z9woh8-2-1024x572.png 1024w, https:\/\/fithealthreset.com\/wp-content\/uploads\/2026\/03\/Gemini_Generated_Image_woh8z9woh8z9woh8-2-300x167.png 300w, https:\/\/fithealthreset.com\/wp-content\/uploads\/2026\/03\/Gemini_Generated_Image_woh8z9woh8z9woh8-2-768x429.png 768w, https:\/\/fithealthreset.com\/wp-content\/uploads\/2026\/03\/Gemini_Generated_Image_woh8z9woh8z9woh8-2.png 1376w\" sizes=\"auto, (max-width: 1024px) 100vw, 1024px\" \/><\/figure><div class=\"wp-block-media-text__content\">\n<p class=\"has-text-color has-link-color wp-elements-8ab32ded184df4468f4dffbe1499af76\" style=\"color:#0ea5a4;font-size:25px\">D\u0259y\u0259rl\u0259rimiz<\/p>\n\n\n\n<p class=\"has-text-color has-link-color wp-elements-f98033304d6a13fbf95e34db58d4d375\" style=\"color:#475569\">Biz f\u0259aliyy\u0259timizi a\u015fa\u011f\u0131dak\u0131 \u0259sas d\u0259y\u0259rl\u0259r \u00fcz\u0259rind\u0259 qururuq:<\/p>\n\n\n\n<p class=\"has-text-color has-link-color wp-elements-9ef36b9b304c6c10d5838cc660ea6995\" style=\"color:#16a34a\">N\u0259tic\u0259 y\u00f6n\u00fcml\u00fcl\u00fck<\/p>\n\n\n\n<p class=\"has-text-color has-link-color wp-elements-3a0fe4968f649ffc755df9e160d0cfc1\" style=\"color:#475569\">H\u0259r bir strategiya \u00f6l\u00e7\u00fcl\u0259 bil\u0259n n\u0259tic\u0259l\u0259r v\u0259 real biznes art\u0131m\u0131 \u00fc\u00e7\u00fcn haz\u0131rlan\u0131r. <\/p>\n\n\n\n<p class=\"has-text-color has-link-color wp-elements-588044755a2c6fdc2e8f27ebd9d1ec72\" style=\"color:#16a34a\">\u015e\u0259ffafl\u0131q <\/p>\n\n\n\n<p class=\"has-text-color has-link-color wp-elements-6b21def172898839b56a18482276a835\" style=\"color:#475569\">M\u00fc\u015ft\u0259ril\u0259rimizl\u0259 a\u00e7\u0131q kommunikasiya v\u0259 ayd\u0131n hesabat sistemi qururuq.<\/p>\n\n\n\n<p class=\"has-text-color has-link-color wp-elements-423a498b1e9a50cda8c4d65d644c3615\" style=\"color:#16a34a\">Yenilik\u00e7ilik <\/p>\n\n\n\n<p class=\"has-text-color has-link-color wp-elements-e885634c02d01c1d0b29769fecf23ce8\" style=\"color:#475569\">Daim d\u0259yi\u015f\u0259n r\u0259q\u0259msal m\u00fchitd\u0259 yeni texnologiyalar v\u0259 strategiyalardan istifad\u0259 edirik. <\/p>\n\n\n\n<p class=\"has-text-color has-link-color wp-elements-6021d067e3b6da5a275c3d8bcb758705\" style=\"color:#16a34a\">Uzunm\u00fcdd\u0259tli \u0259m\u0259kda\u015fl\u0131q <\/p>\n\n\n\n<p class=\"has-text-color has-link-color wp-elements-3088685032f708c487df840951af78da\" style=\"color:#475569\">M\u0259qs\u0259dimiz t\u0259kc\u0259 xidm\u0259t g\u00f6st\u0259rm\u0259k deyil, brendl\u0259rl\u0259 uzunm\u00fcdd\u0259tli inki\u015faf t\u0259r\u0259fda\u015fl\u0131\u011f\u0131 qurmaqd\u0131r.<\/p>\n<\/div><\/div>\n\n\n\n<p><\/p>\n\n\n\n<div class=\"wp-block-media-text is-stacked-on-mobile has-pale-ocean-gradient-background has-background\" style=\"grid-template-columns:46% auto\"><figure class=\"wp-block-media-text__media\"><img loading=\"lazy\" decoding=\"async\" width=\"1024\" height=\"572\" src=\"https:\/\/fithealthreset.com\/wp-content\/uploads\/2026\/03\/Gemini_Generated_Image_qtqrhnqtqrhnqtqr-3-1024x572.png\" alt=\"\" class=\"wp-image-139 size-full\" srcset=\"https:\/\/fithealthreset.com\/wp-content\/uploads\/2026\/03\/Gemini_Generated_Image_qtqrhnqtqrhnqtqr-3-1024x572.png 1024w, https:\/\/fithealthreset.com\/wp-content\/uploads\/2026\/03\/Gemini_Generated_Image_qtqrhnqtqrhnqtqr-3-300x167.png 300w, https:\/\/fithealthreset.com\/wp-content\/uploads\/2026\/03\/Gemini_Generated_Image_qtqrhnqtqrhnqtqr-3-768x429.png 768w, https:\/\/fithealthreset.com\/wp-content\/uploads\/2026\/03\/Gemini_Generated_Image_qtqrhnqtqrhnqtqr-3.png 1376w\" sizes=\"auto, (max-width: 1024px) 100vw, 1024px\" \/><\/figure><div class=\"wp-block-media-text__content\">\n<p class=\"has-text-color has-link-color wp-elements-09bcf8ab0c5842cee942373f23682355\" style=\"color:#0ea5a4;font-size:25px\">Niy\u0259 bizi se\u00e7m\u0259lisiniz?<\/p>\n\n\n\n<p class=\"has-text-color has-link-color wp-elements-5f73d5444a4911c0d2a57cc87a2b68ce\" style=\"color:#334155\"><strong>Fit Health Reset<\/strong> sad\u0259c\u0259 xidm\u0259t g\u00f6st\u0259r\u0259n agentlik deyil, biznesl\u0259rin inki\u015faf\u0131na fokuslanan strateji t\u0259r\u0259fda\u015fd\u0131r.<\/p>\n\n\n\n<p class=\"has-text-color has-link-color wp-elements-ea1f210c3ec1226d10688928ed4ba1a2\" style=\"color:#334155\">Brendl\u0259r \u00fc\u00e7\u00fcn uzunm\u00fcdd\u0259tli inki\u015faf strategiyas\u0131<\/p>\n\n\n\n<p class=\"has-text-color has-link-color wp-elements-41b01537b13d3137e445fd16fd74228c\" style=\"color:#334155\">Data \u0259sasl\u0131 marketinq strategiyalar\u0131<\/p>\n\n\n\n<p class=\"has-text-color has-link-color wp-elements-77013adcfdd73ce9ebccff4f2e3534a1\" style=\"color:#334155\">\u00d6l\u00e7\u00fcl\u0259 bil\u0259n v\u0259 analiz edil\u0259 bil\u0259n n\u0259tic\u0259l\u0259r<\/p>\n\n\n\n<p class=\"has-text-color has-link-color wp-elements-f615ca94b228aff3e7323bd85a6cd7e5\" style=\"color:#334155\">Kreativ v\u0259 innovativ yana\u015fma<\/p>\n\n\n\n<p class=\"has-text-color has-link-color wp-elements-dccf86fe9debc807dccd9ba0ee33d06a\" style=\"color:#334155\">M\u00fcasir reklam v\u0259 marketinq al\u0259tl\u0259rind\u0259n istifad\u0259<\/p>\n<\/div><\/div>\n\n\n\n<p><\/p>\n\n\n\n<div class=\"wp-block-media-text is-stacked-on-mobile has-pale-ocean-gradient-background has-background\" style=\"grid-template-columns:46% auto\"><figure class=\"wp-block-media-text__media\"><img loading=\"lazy\" decoding=\"async\" width=\"1024\" height=\"572\" src=\"https:\/\/fithealthreset.com\/wp-content\/uploads\/2026\/03\/Gemini_Generated_Image_fvelu5fvelu5fvel-1-1024x572.png\" alt=\"\" class=\"wp-image-140 size-full\" srcset=\"https:\/\/fithealthreset.com\/wp-content\/uploads\/2026\/03\/Gemini_Generated_Image_fvelu5fvelu5fvel-1-1024x572.png 1024w, https:\/\/fithealthreset.com\/wp-content\/uploads\/2026\/03\/Gemini_Generated_Image_fvelu5fvelu5fvel-1-300x167.png 300w, https:\/\/fithealthreset.com\/wp-content\/uploads\/2026\/03\/Gemini_Generated_Image_fvelu5fvelu5fvel-1-768x429.png 768w, https:\/\/fithealthreset.com\/wp-content\/uploads\/2026\/03\/Gemini_Generated_Image_fvelu5fvelu5fvel-1.png 1376w\" sizes=\"auto, (max-width: 1024px) 100vw, 1024px\" \/><\/figure><div class=\"wp-block-media-text__content\">\n<p class=\"has-text-color has-link-color wp-elements-950645a7f64d15b8c2b5ed669a203aa6\" style=\"color:#0ea5a4;font-size:25px\">Biz kimik?<\/p>\n\n\n\n<p class=\"has-text-color has-link-color wp-elements-fe9aca5af2edb02b636f6128b584920d\" style=\"color:#475569\"><strong>Fit Health Reset<\/strong> brendl\u0259rin r\u0259q\u0259msal inki\u015faf\u0131n\u0131 s\u00fcr\u0259tl\u0259ndirm\u0259k \u00fc\u00e7\u00fcn yarad\u0131lm\u0131\u015f m\u00fcasir marketinq agentliyidir. Komandam\u0131z marketinq strategiyas\u0131, reklam idar\u0259etm\u0259si, brend inki\u015faf\u0131 v\u0259 r\u0259q\u0259msal kommunikasiya sah\u0259l\u0259rind\u0259 t\u0259cr\u00fcb\u0259li m\u00fct\u0259x\u0259ssisl\u0259rd\u0259n ibar\u0259tdir. Biz h\u0259r bir layih\u0259y\u0259 f\u0259rdi yana\u015faraq biznesl\u0259rin bazarda daha g\u00fccl\u00fc m\u00f6vqe qazanmas\u0131na k\u00f6m\u0259k edirik.<\/p>\n<\/div><\/div>\n\n\n\n<p><\/p>\n\n\n\n<div class=\"wp-block-media-text is-stacked-on-mobile has-pale-ocean-gradient-background has-background\" style=\"grid-template-columns:46% auto\"><figure class=\"wp-block-media-text__media\"><img loading=\"lazy\" decoding=\"async\" width=\"1024\" height=\"572\" src=\"https:\/\/fithealthreset.com\/wp-content\/uploads\/2026\/03\/Gemini_Generated_Image_185aet185aet185a-1-1024x572.png\" alt=\"\" class=\"wp-image-141 size-full\" srcset=\"https:\/\/fithealthreset.com\/wp-content\/uploads\/2026\/03\/Gemini_Generated_Image_185aet185aet185a-1-1024x572.png 1024w, https:\/\/fithealthreset.com\/wp-content\/uploads\/2026\/03\/Gemini_Generated_Image_185aet185aet185a-1-300x167.png 300w, https:\/\/fithealthreset.com\/wp-content\/uploads\/2026\/03\/Gemini_Generated_Image_185aet185aet185a-1-768x429.png 768w, https:\/\/fithealthreset.com\/wp-content\/uploads\/2026\/03\/Gemini_Generated_Image_185aet185aet185a-1.png 1376w\" sizes=\"auto, (max-width: 1024px) 100vw, 1024px\" \/><\/figure><div class=\"wp-block-media-text__content\">\n<p class=\"has-text-color has-link-color wp-elements-6cea2672a783658efbafd5d4076fea7b\" style=\"color:#0ea5a4;font-size:25px\">Biz nec\u0259 i\u015fl\u0259yirik?<\/p>\n\n\n\n<p class=\"has-text-color has-link-color wp-elements-9b09f38fb7a33ac4b059402e15e4ff7f\" style=\"color:#475569\">Bizim i\u015f yana\u015fmam\u0131z strukturla\u015fd\u0131r\u0131lm\u0131\u015f v\u0259 n\u0259tic\u0259 y\u00f6n\u00fcml\u00fcd\u00fcr:<\/p>\n\n\n\n<p class=\"has-text-color has-link-color wp-elements-cc0c6a4a28ad7d1a06bdac12e58799a6\" style=\"color:#0284c7\"><strong>1. Analiz v\u0259 Ara\u015fd\u0131rma<\/strong><\/p>\n\n\n\n<p class=\"has-text-color has-link-color wp-elements-77659236119389b38ee0345a3022beff\" style=\"color:#475569\">Biznes, bazar v\u0259 h\u0259d\u0259f auditoriya d\u0259rin \u015f\u0259kild\u0259 analiz edilir.<\/p>\n\n\n\n<p class=\"has-text-color has-link-color wp-elements-ffa5ac6ba16765b33e4cb46d25b42441\" style=\"color:#0284c7\"><strong>2. Strategiyan\u0131n qurulmas\u0131<\/strong><\/p>\n\n\n\n<p class=\"has-text-color has-link-color wp-elements-a5daa2cfd8af946e69b36fc2a30c3214\" style=\"color:#475569\">Data \u0259sasl\u0131 marketinq strategiyas\u0131 haz\u0131rlan\u0131r.<\/p>\n\n\n\n<p class=\"has-text-color has-link-color wp-elements-dfd49df901f911d8d5f78fa2e21e6649\" style=\"color:#0284c7\"><strong>3. \u0130cra v\u0259 optimizasiya<\/strong><\/p>\n\n\n\n<p class=\"has-text-color has-link-color wp-elements-d91e55762d06b4ab803b74d2000359e0\" style=\"color:#475569\">Reklam kampaniyalar\u0131 v\u0259 r\u0259q\u0259msal f\u0259aliyy\u0259tl\u0259r effektiv \u015f\u0259kild\u0259 idar\u0259 olunur.<\/p>\n\n\n\n<p class=\"has-text-color has-link-color wp-elements-5169b3c327de491ad3cb383debffc936\" style=\"color:#0284c7\"><strong>4. \u00d6l\u00e7m\u0259 v\u0259 inki\u015faf<\/strong><\/p>\n\n\n\n<p class=\"has-text-color has-link-color wp-elements-0b87b6a700911b9ee55745f38939715d\" style=\"color:#475569\">B\u00fct\u00fcn n\u0259tic\u0259l\u0259r analiz olunur v\u0259 davaml\u0131 optimizasiya apar\u0131l\u0131r.<\/p>\n<\/div><\/div>\n\n\n\n<p><\/p>\n","protected":false},"excerpt":{"rendered":"<p>Fit Health Reset Brendl\u0259rin r\u0259q\u0259msal d\u00fcnyada daha sa\u011flam, dayan\u0131ql\u0131 v\u0259 \u00f6l\u00e7\u00fcl\u0259 bil\u0259n n\u0259tic\u0259l\u0259r \u0259ld\u0259 etm\u0259si \u00fc\u00e7\u00fcn yarad\u0131lm\u0131\u015f m\u00fcasir r\u0259q\u0259msal marketinq [&hellip;]<\/p>\n","protected":false},"author":1,"featured_media":0,"parent":0,"menu_order":0,"comment_status":"closed","ping_status":"closed","template":"","meta":{"site-sidebar-layout":"default","site-content-layout":"","ast-site-content-layout":"default","site-content-style":"default","site-sidebar-style":"default","ast-global-header-display":"","ast-banner-title-visibility":"","ast-main-header-display":"","ast-hfb-above-header-display":"","ast-hfb-below-header-display":"","ast-hfb-mobile-header-display":"","site-post-title":"disabled","ast-breadcrumbs-content":"","ast-featured-img":"","footer-sml-layout":"","ast-disable-related-posts":"","theme-transparent-header-meta":"","adv-header-id-meta":"","stick-header-meta":"","header-above-stick-meta":"","header-main-stick-meta":"","header-below-stick-meta":"","astra-migrate-meta-layouts":"default","ast-page-background-enabled":"default","ast-page-background-meta":{"desktop":{"background-color":"var(--ast-global-color-5)","background-image":"","background-repeat":"repeat","background-position":"center center","background-size":"auto","background-attachment":"scroll","background-type":"","background-media":"","overlay-type":"","overlay-color":"","overlay-opacity":"","overlay-gradient":""},"tablet":{"background-color":"","background-image":"","background-repeat":"repeat","background-position":"center center","background-size":"auto","background-attachment":"scroll","background-type":"","background-media":"","overlay-type":"","overlay-color":"","overlay-opacity":"","overlay-gradient":""},"mobile":{"background-color":"","background-image":"","background-repeat":"repeat","background-position":"center center","background-size":"auto","background-attachment":"scroll","background-type":"","background-media":"","overlay-type":"","overlay-color":"","overlay-opacity":"","overlay-gradient":""}},"ast-content-background-meta":{"desktop":{"background-color":"var(--ast-global-color-4)","background-image":"","background-repeat":"repeat","background-position":"center center","background-size":"auto","background-attachment":"scroll","background-type":"","background-media":"","overlay-type":"","overlay-color":"","overlay-opacity":"","overlay-gradient":""},"tablet":{"background-color":"var(--ast-global-color-4)","background-image":"","background-repeat":"repeat","background-position":"center center","background-size":"auto","background-attachment":"scroll","background-type":"","background-media":"","overlay-type":"","overlay-color":"","overlay-opacity":"","overlay-gradient":""},"mobile":{"background-color":"var(--ast-global-color-4)","background-image":"","background-repeat":"repeat","background-position":"center center","background-size":"auto","background-attachment":"scroll","background-type":"","background-media":"","overlay-type":"","overlay-color":"","overlay-opacity":"","overlay-gradient":""}},"footnotes":""},"class_list":["post-40","page","type-page","status-publish","hentry"],"_hostinger_reach_plugin_has_subscription_block":false,"_hostinger_reach_plugin_is_elementor":false,"_links":{"self":[{"href":"https:\/\/fithealthreset.com\/index.php?rest_route=\/wp\/v2\/pages\/40","targetHints":{"allow":["GET"]}}],"collection":[{"href":"https:\/\/fithealthreset.com\/index.php?rest_route=\/wp\/v2\/pages"}],"about":[{"href":"https:\/\/fithealthreset.com\/index.php?rest_route=\/wp\/v2\/types\/page"}],"author":[{"embeddable":true,"href":"https:\/\/fithealthreset.com\/index.php?rest_route=\/wp\/v2\/users\/1"}],"replies":[{"embeddable":true,"href":"https:\/\/fithealthreset.com\/index.php?rest_route=%2Fwp%2Fv2%2Fcomments&post=40"}],"version-history":[{"count":40,"href":"https:\/\/fithealthreset.com\/index.php?rest_route=\/wp\/v2\/pages\/40\/revisions"}],"predecessor-version":[{"id":156,"href":"https:\/\/fithealthreset.com\/index.php?rest_route=\/wp\/v2\/pages\/40\/revisions\/156"}],"wp:attachment":[{"href":"https:\/\/fithealthreset.com\/index.php?rest_route=%2Fwp%2Fv2%2Fmedia&parent=40"}],"curies":[{"name":"wp","href":"https:\/\/api.w.org\/{rel}","templated":true}]}}